{"id":252,"date":"2015-06-19T11:03:48","date_gmt":"2015-06-19T11:03:48","guid":{"rendered":"http:\/\/giswg.de\/wordpress\/?page_id=252"},"modified":"2018-11-12T17:21:57","modified_gmt":"2018-11-12T16:21:57","slug":"impressum","status":"publish","type":"page","link":"https:\/\/giswg.de\/wordpress\/?page_id=252","title":{"rendered":"Impressum"},"content":{"rendered":"<p>Angaben gem\u00e4\u00df \u00a7 5 TMG:<br \/>\nJochen Schwarze<br \/>\nGIS_WG | B\u00fcro f\u00fcr angewandte Geoinformatik<br \/>\nStra\u00dfberg 6<br \/>\n91056 Erlangen<\/p>\n<p>Kontakt:<br \/>\nTelefon: +49 (0) 9131 6103643<br \/>\nMobil: +49 (0) 176 51967095<br \/>\nE-Mail: info@giswg.de<\/p>\n<p>Umsatzsteuer-ID:<br \/>\nUmsatzsteuer-Identifikationsnummer gem\u00e4\u00df \u00a727 a Umsatzsteuergesetz:<br \/>\nUSt-IdNr.: DE298869250<\/p>\n<p>Verantwortlich f\u00fcr den Inhalt nach \u00a7 55 Abs. 2 RStV:<br \/>\nJochen Schwarze, Stra\u00dfberg 6, 91056 Erlangen<\/p>\n","protected":false},"excerpt":{"rendered":"<p>Angaben gem\u00e4\u00df \u00a7 5 TMG: Jochen Schwarze GIS_WG | B\u00fcro f\u00fcr angewandte Geoinformatik Stra\u00dfberg 6 91056 Erlangen Kontakt: Telefon: +49 (0) 9131 6103643 Mobil: +49 (0) 176 51967095 E-Mail: info@giswg.de Umsatzsteuer-ID: Umsatzsteuer-Identifikationsnummer gem\u00e4\u00df \u00a727 a Umsatzsteuergesetz: USt-IdNr.: DE298869250 Verantwortlich f\u00fcr den Inhalt nach \u00a7 55 Abs. 2 RStV: Jochen Schwarze, Stra\u00dfberg 6, 91056 Erlangen<\/p>\n","protected":false},"author":2,"featured_media":0,"parent":66,"menu_order":0,"comment_status":"closed","ping_status":"closed","template":"","meta":{"ngg_post_thumbnail":0,"footnotes":""},"class_list":["post-252","page","type-page","status-publish","hentry"],"_links":{"self":[{"href":"https:\/\/giswg.de\/wordpress\/index.php?rest_route=\/wp\/v2\/pages\/252"}],"collection":[{"href":"https:\/\/giswg.de\/wordpress\/index.php?rest_route=\/wp\/v2\/pages"}],"about":[{"href":"https:\/\/giswg.de\/wordpress\/index.php?rest_route=\/wp\/v2\/types\/page"}],"author":[{"embeddable":true,"href":"https:\/\/giswg.de\/wordpress\/index.php?rest_route=\/wp\/v2\/users\/2"}],"replies":[{"embeddable":true,"href":"https:\/\/giswg.de\/wordpress\/index.php?rest_route=%2Fwp%2Fv2%2Fcomments&post=252"}],"version-history":[{"count":5,"href":"https:\/\/giswg.de\/wordpress\/index.php?rest_route=\/wp\/v2\/pages\/252\/revisions"}],"predecessor-version":[{"id":363,"href":"https:\/\/giswg.de\/wordpress\/index.php?rest_route=\/wp\/v2\/pages\/252\/revisions\/363"}],"up":[{"embeddable":true,"href":"https:\/\/giswg.de\/wordpress\/index.php?rest_route=\/wp\/v2\/pages\/66"}],"wp:attachment":[{"href":"https:\/\/giswg.de\/wordpress\/index.php?rest_route=%2Fwp%2Fv2%2Fmedia&parent=252"}],"curies":[{"name":"wp","href":"https:\/\/api.w.org\/{rel}","templated":true}]}}