{"id":4,"date":"2015-01-13T14:13:26","date_gmt":"2015-01-13T14:13:26","guid":{"rendered":"http:\/\/giswg.de\/wordpress\/?page_id=4"},"modified":"2018-11-16T08:18:18","modified_gmt":"2018-11-16T07:18:18","slug":"gis_wg","status":"publish","type":"page","link":"https:\/\/giswg.de\/wordpress\/","title":{"rendered":"Kontakt \/ Home"},"content":{"rendered":"<p><a href=\"http:\/\/giswg.de\/wordpress\/wp-content\/uploads\/2015\/01\/teaser_wo_web-e1421861886155.jpg\"><img loading=\"lazy\" decoding=\"async\" class=\"aligncenter size-full wp-image-97\" src=\"http:\/\/giswg.de\/wordpress\/wp-content\/uploads\/2015\/01\/teaser_wo_web-e1421861886155.jpg\" alt=\"\" width=\"1280\" height=\"438\" srcset=\"https:\/\/giswg.de\/wordpress\/wp-content\/uploads\/2015\/01\/teaser_wo_web-e1421861886155.jpg 1280w, https:\/\/giswg.de\/wordpress\/wp-content\/uploads\/2015\/01\/teaser_wo_web-e1421861886155-300x103.jpg 300w, https:\/\/giswg.de\/wordpress\/wp-content\/uploads\/2015\/01\/teaser_wo_web-e1421861886155-1024x350.jpg 1024w, https:\/\/giswg.de\/wordpress\/wp-content\/uploads\/2015\/01\/teaser_wo_web-e1421861886155-326x112.jpg 326w, https:\/\/giswg.de\/wordpress\/wp-content\/uploads\/2015\/01\/teaser_wo_web-e1421861886155-700x240.jpg 700w\" sizes=\"(max-width: 1280px) 100vw, 1280px\" \/><\/a><\/p>\n<p>&nbsp;<\/p>\n<p><a href=\"http:\/\/giswg.de\/wordpress\/wp-content\/uploads\/2015\/05\/giswg2_logo_b150_black.png\"><img loading=\"lazy\" decoding=\"async\" class=\"wp-image-240 alignright\" src=\"http:\/\/giswg.de\/wordpress\/wp-content\/uploads\/2015\/05\/giswg2_logo_b150_black.png\" alt=\"giswg2_logo_b150_black\" width=\"99\" height=\"185\"><\/a>Jochen Schwarze<\/p>\n<p>GIS_WG | angewandte Geoinformatik<br \/>\nUSt-IdNr.: DE298869250<\/p>\n<p>Stra\u00dfberg 6<br \/>\n91056 Erlangen<br \/>\nw3w <a title=\"GIS_WG bei what3words\" href=\"http:\/\/w3w.co\/meistens.\u00e4pfeln.fr\u00fchst\u00fcck\" target=\"_blank\" rel=\"noopener\">meistens.\u00e4pfeln.fr\u00fchst\u00fcck<\/a><\/p>\n<p>Fon. +49(0)9131\/6103643<br \/>\nMobil +49(0)176\/51967095<br \/>\n<a title=\"info@giswg.de\" href=\"mailto:info@giswg.de\" target=\"_blank\" rel=\"noopener\">info@giswg.de<\/a><\/p>\n<p>&nbsp;<\/p>\n<div id=\"lmm_06cee05d\" style=\"width:100%;\" class=\"mapsmarker markermap marker-1\">\n<div id=\"lmm_map_06cee05d\" class=\"lmm-map\" style=\"background:#f6f6f6;border:1px solid #ccc;height:320px; overflow:hidden;padding:0;\"><p style=\"font-size:80%;color:#9f9e9e;margin-left:5px;\">loading map - please wait...<noscript><br\/><strong>Map could not be loaded - please enable Javascript!<\/strong><br\/><a style=\"text-decoration:none;\" href=\"https:\/\/www.mapsmarker.com\/js-disabled\" target=\"_blank\">&rarr; more information<\/a><\/noscript><\/p><\/div>\n<div id=\"lmm_geo_tags_06cee05d\" class=\"lmm-geo-tags geo\">\n<span class=\"paneltext\">GIS_WG<\/span>\n<span class=\"latitude\">49.591100<\/span>, <span class=\"longitude\">10.958900<\/span>\n<span class=\"popuptext\">Jochen Schwarze\r\nGIS_WG | angewandte Geoinformatik\r\n\r\nPartner f\u00fcr raumbezogene Fragestellungen.<\/span>\n<\/div>\n<\/div>\n<p>&nbsp;<\/p>\n","protected":false},"excerpt":{"rendered":"<p>&nbsp; Jochen Schwarze GIS_WG | angewandte Geoinformatik USt-IdNr.: DE298869250 Stra\u00dfberg 6 91056 Erlangen w3w meistens.\u00e4pfeln.fr\u00fchst\u00fcck Fon. +49(0)9131\/6103643 Mobil +49(0)176\/51967095 info@giswg.de &nbsp; &nbsp;<\/p>\n","protected":false},"author":2,"featured_media":97,"parent":0,"menu_order":0,"comment_status":"closed","ping_status":"closed","template":"","meta":{"ngg_post_thumbnail":0,"footnotes":""},"class_list":["post-4","page","type-page","status-publish","has-post-thumbnail","hentry"],"_links":{"self":[{"href":"https:\/\/giswg.de\/wordpress\/index.php?rest_route=\/wp\/v2\/pages\/4"}],"collection":[{"href":"https:\/\/giswg.de\/wordpress\/index.php?rest_route=\/wp\/v2\/pages"}],"about":[{"href":"https:\/\/giswg.de\/wordpress\/index.php?rest_route=\/wp\/v2\/types\/page"}],"author":[{"embeddable":true,"href":"https:\/\/giswg.de\/wordpress\/index.php?rest_route=\/wp\/v2\/users\/2"}],"replies":[{"embeddable":true,"href":"https:\/\/giswg.de\/wordpress\/index.php?rest_route=%2Fwp%2Fv2%2Fcomments&post=4"}],"version-history":[{"count":63,"href":"https:\/\/giswg.de\/wordpress\/index.php?rest_route=\/wp\/v2\/pages\/4\/revisions"}],"predecessor-version":[{"id":370,"href":"https:\/\/giswg.de\/wordpress\/index.php?rest_route=\/wp\/v2\/pages\/4\/revisions\/370"}],"wp:featuredmedia":[{"embeddable":true,"href":"https:\/\/giswg.de\/wordpress\/index.php?rest_route=\/wp\/v2\/media\/97"}],"wp:attachment":[{"href":"https:\/\/giswg.de\/wordpress\/index.php?rest_route=%2Fwp%2Fv2%2Fmedia&parent=4"}],"curies":[{"name":"wp","href":"https:\/\/api.w.org\/{rel}","templated":true}]}}