{"id":62,"date":"2015-01-21T09:28:59","date_gmt":"2015-01-21T09:28:59","guid":{"rendered":"http:\/\/giswg.de\/wordpress\/?page_id=62"},"modified":"2018-11-12T17:25:24","modified_gmt":"2018-11-12T16:25:24","slug":"was","status":"publish","type":"page","link":"https:\/\/giswg.de\/wordpress\/?page_id=62","title":{"rendered":"Dienstleistung"},"content":{"rendered":"<p><a href=\"http:\/\/giswg.de\/wordpress\/wp-content\/uploads\/2015\/01\/teaser_what_color_sw_web.jpg\"><img loading=\"lazy\" decoding=\"async\" class=\"size-full wp-image-98\" src=\"http:\/\/giswg.de\/wordpress\/wp-content\/uploads\/2015\/01\/teaser_what_color_sw_web.jpg\" alt=\"yxcyxcy\" width=\"1280\" height=\"433\" srcset=\"https:\/\/giswg.de\/wordpress\/wp-content\/uploads\/2015\/01\/teaser_what_color_sw_web.jpg 1280w, https:\/\/giswg.de\/wordpress\/wp-content\/uploads\/2015\/01\/teaser_what_color_sw_web-300x101.jpg 300w, https:\/\/giswg.de\/wordpress\/wp-content\/uploads\/2015\/01\/teaser_what_color_sw_web-1024x346.jpg 1024w, https:\/\/giswg.de\/wordpress\/wp-content\/uploads\/2015\/01\/teaser_what_color_sw_web-326x110.jpg 326w, https:\/\/giswg.de\/wordpress\/wp-content\/uploads\/2015\/01\/teaser_what_color_sw_web-700x237.jpg 700w\" sizes=\"(max-width: 1280px) 100vw, 1280px\" \/><\/a><\/p>\n<p>Unser Dienstleistungsspektrum im Bereich der angewandten Geoinformatik umfasst von der Entwicklung erster Ideen bishin zur Wertsch\u00f6pfung:<\/p>\n<ul>\n<li>Schulung, sowohl Produktspezifisch als auch zu allgemeinen Themen. Konzepte &amp; Schulungsunterlagen.<\/li>\n<li>Beratung, Umsetzungsunterst\u00fctzung<\/li>\n<li>Datenmodelle, Konzepte, Implemetierung<\/li>\n<li>Datenerfassung und -fortf\u00fchrung<\/li>\n<li>Qualit\u00e4tssicherung<\/li>\n<li>Kartografie<\/li>\n<li>Datenanalyse<\/li>\n<\/ul>\n<p>Die Anforderungen der meisten Unternehmensbereiche (Infrastruktur, Wohnungsbau, \u00f6ffentliche Verwaltung, &#8230;) im Bereich raumbezogener Information sind vielf\u00e4ltig und die Arbeitsbelastung nimmt best\u00e4ndig zu. Dennoch sind Stellenschaffungen m\u00f6glicherweise noch nicht wirtschaftlich. Daher bleibt vieles liegen und die besten Plattformen k\u00f6nnen ihr Potenzial nicht entfalten, wenn keine qualitativ hochwertigen Inhalte vorhanden sind oder erfasst werden k\u00f6nnen. Mit GIS erzielbare Einsparungen und Qualit\u00e4tssteigerungen werden nicht erschlossen. Gesetzlichen Vorgaben wird vielleicht nicht Rechnung getragen. L\u00fccken entstehen, die Akzeptanzprobleme nach sich ziehen.<\/p>\n<p>Wir k\u00f6nnen helfen, diese L\u00fccken zu schliessen.<\/p>\n<p>Fragen Sie uns.<\/p>\n<p>Technisch sind wir aus Lizenzkostengr\u00fcnden im Wesentlichen im Bereich freier Software und offener Standards und Datenformate unterwegs. Die hierbei erzielbaren Einsparungen sind oft signifikant. Wir versuchen aber, nicht nur Nutzer zu sein sondern uns auch in Weiterentwicklungen mit einzubringen (<em>&#8220;Free is like free in free speech, not in free beer&#8221;<\/em>). Wir kennen (und k\u00f6nnen) nat\u00fcrlich auch kommerziell \/ propriet\u00e4r: ESRI ArcGIS (Desktop\/Server\/ArcGIS Online), FME (Desktop\/Server) sowie Smallworld CST (!) sind nur einige Beispiele. Wenn gew\u00fcnscht, arbeiten wir auch direkt auf Ihrer Infrastruktur.<\/p>\n","protected":false},"excerpt":{"rendered":"<p>Unser Dienstleistungsspektrum im Bereich der angewandten Geoinformatik umfasst von der Entwicklung erster Ideen bishin zur Wertsch\u00f6pfung: Schulung, sowohl Produktspezifisch als auch zu allgemeinen Themen. Konzepte &amp; Schulungsunterlagen. Beratung, Umsetzungsunterst\u00fctzung Datenmodelle, Konzepte, Implemetierung Datenerfassung und -fortf\u00fchrung Qualit\u00e4tssicherung Kartografie Datenanalyse Die Anforderungen der meisten Unternehmensbereiche (Infrastruktur, Wohnungsbau, \u00f6ffentliche Verwaltung, &#8230;) im Bereich raumbezogener Information sind vielf\u00e4ltig und [&hellip;]<\/p>\n","protected":false},"author":2,"featured_media":98,"parent":0,"menu_order":0,"comment_status":"closed","ping_status":"closed","template":"","meta":{"ngg_post_thumbnail":0,"footnotes":""},"class_list":["post-62","page","type-page","status-publish","has-post-thumbnail","hentry"],"_links":{"self":[{"href":"https:\/\/giswg.de\/wordpress\/index.php?rest_route=\/wp\/v2\/pages\/62"}],"collection":[{"href":"https:\/\/giswg.de\/wordpress\/index.php?rest_route=\/wp\/v2\/pages"}],"about":[{"href":"https:\/\/giswg.de\/wordpress\/index.php?rest_route=\/wp\/v2\/types\/page"}],"author":[{"embeddable":true,"href":"https:\/\/giswg.de\/wordpress\/index.php?rest_route=\/wp\/v2\/users\/2"}],"replies":[{"embeddable":true,"href":"https:\/\/giswg.de\/wordpress\/index.php?rest_route=%2Fwp%2Fv2%2Fcomments&post=62"}],"version-history":[{"count":13,"href":"https:\/\/giswg.de\/wordpress\/index.php?rest_route=\/wp\/v2\/pages\/62\/revisions"}],"predecessor-version":[{"id":364,"href":"https:\/\/giswg.de\/wordpress\/index.php?rest_route=\/wp\/v2\/pages\/62\/revisions\/364"}],"wp:featuredmedia":[{"embeddable":true,"href":"https:\/\/giswg.de\/wordpress\/index.php?rest_route=\/wp\/v2\/media\/98"}],"wp:attachment":[{"href":"https:\/\/giswg.de\/wordpress\/index.php?rest_route=%2Fwp%2Fv2%2Fmedia&parent=62"}],"curies":[{"name":"wp","href":"https:\/\/api.w.org\/{rel}","templated":true}]}}