{"id":66,"date":"2015-01-21T09:30:22","date_gmt":"2015-01-21T09:30:22","guid":{"rendered":"http:\/\/giswg.de\/wordpress\/?page_id=66"},"modified":"2018-11-12T17:30:52","modified_gmt":"2018-11-12T16:30:52","slug":"wer","status":"publish","type":"page","link":"https:\/\/giswg.de\/wordpress\/?page_id=66","title":{"rendered":"\u00dcber uns"},"content":{"rendered":"<p><a href=\"http:\/\/giswg.de\/wordpress\/wp-content\/uploads\/2015\/01\/teaser_aboutus_web.png\"><img loading=\"lazy\" decoding=\"async\" class=\"aligncenter size-full wp-image-99\" src=\"http:\/\/giswg.de\/wordpress\/wp-content\/uploads\/2015\/01\/teaser_aboutus_web.png\" alt=\"\" width=\"1280\" height=\"425\" srcset=\"https:\/\/giswg.de\/wordpress\/wp-content\/uploads\/2015\/01\/teaser_aboutus_web.png 1280w, https:\/\/giswg.de\/wordpress\/wp-content\/uploads\/2015\/01\/teaser_aboutus_web-300x100.png 300w, https:\/\/giswg.de\/wordpress\/wp-content\/uploads\/2015\/01\/teaser_aboutus_web-1024x340.png 1024w, https:\/\/giswg.de\/wordpress\/wp-content\/uploads\/2015\/01\/teaser_aboutus_web-326x108.png 326w, https:\/\/giswg.de\/wordpress\/wp-content\/uploads\/2015\/01\/teaser_aboutus_web-700x232.png 700w\" sizes=\"(max-width: 1280px) 100vw, 1280px\" \/><\/a><\/p>\n<p><!--\n<a href=\"http:\/\/giswg.de\/wordpress\/wp-content\/uploads\/2015\/01\/IMGP3032_Online.jpg\"><img loading=\"lazy\" decoding=\"async\" class=\" size-thumbnail wp-image-111 alignnone\" src=\"http:\/\/giswg.de\/wordpress\/wp-content\/uploads\/2015\/01\/IMGP3032_Online-150x150.jpg\" alt=\"IMGP3032_Online\" width=\"150\" height=\"150\" \/><\/a>\n\nEva Gro\u00dfmann, Dipl.-Geol. (Univ)  |  <a title=\"info@giswg.de\" href=\"mailto:info@giswg.de\" target=\"_blank\">info@giswg.de<\/a>\n\nSchwerpunkte Projektmanagement sowie Geodatenmanagement, Kartografie und R\u00e4umliche Analyse\n\n&nbsp;\n--><a href=\"http:\/\/giswg.de\/wordpress\/wp-content\/uploads\/2015\/01\/xingbild2_kontr.jpg\"><img loading=\"lazy\" decoding=\"async\" class=\"alignnone size-thumbnail wp-image-113\" src=\"http:\/\/giswg.de\/wordpress\/wp-content\/uploads\/2015\/01\/xingbild2_kontr-150x150.jpg\" alt=\"xingbild2_kontr\" width=\"150\" height=\"150\"><\/a><\/p>\n<p>Jochen Schwarze, Dipl.-Geol. (Univ.), MSc (GIS)<\/p>\n<p><a title=\"jochen.schwarze@giswg.de\" href=\"mailto:jochen.schwarze@giswg.de\" target=\"_blank\" rel=\"noopener\">Mail<\/a> | <a href=\"http:\/\/de.linkedin.com\/pub\/jochen-schwarze\/a3\/35a\/804\">LinkedIn<\/a> | <a href=\"http:\/\/www.xing.com\/profile\/Jochen_SchwarzeBeneke\" target=\"_blank\" rel=\"me noopener\">Xing<\/a><\/p>\n<p>Hauptberuflich als GIS-Teamleiter im eGovernment-Center der Stadt Erlangen besch\u00e4ftigt. Zust\u00e4ndig f\u00fcr alle Belange der angewandten Geoinformatik s\u00e4mtlicher Fachbereiche von der Beratung, Konzeption und technischer Umsetzung von Fachanwendungen (Datenbankdesign, Programmierung), Systemanpassungen und -konfiguration, Anwenderbetreuung, Support, Schulungen usw.<!-- Im Nebenjob selbstst\u00e4ndig als Freiberufler seit Januar 2015.--><\/p>\n<p>Freiberufler im Nebenerwerb, s. Dienstleistungen<\/p>\n<p>Stv. Vorsitzender QGIS Anwendergruppe Deutschland e.V. (<a href=\"http:\/\/qgis.de\/\">QGIS-DE e.V.<\/a>)<\/p>\n","protected":false},"excerpt":{"rendered":"<p>Jochen Schwarze, Dipl.-Geol. (Univ.), MSc (GIS) Mail | LinkedIn | Xing Hauptberuflich als GIS-Teamleiter im eGovernment-Center der Stadt Erlangen besch\u00e4ftigt. Zust\u00e4ndig f\u00fcr alle Belange der angewandten Geoinformatik s\u00e4mtlicher Fachbereiche von der Beratung, Konzeption und technischer Umsetzung von Fachanwendungen (Datenbankdesign, Programmierung), Systemanpassungen und -konfiguration, Anwenderbetreuung, Support, Schulungen usw. Freiberufler im Nebenerwerb, s. Dienstleistungen Stv. Vorsitzender QGIS [&hellip;]<\/p>\n","protected":false},"author":2,"featured_media":99,"parent":0,"menu_order":0,"comment_status":"closed","ping_status":"closed","template":"","meta":{"ngg_post_thumbnail":0,"footnotes":""},"class_list":["post-66","page","type-page","status-publish","has-post-thumbnail","hentry"],"_links":{"self":[{"href":"https:\/\/giswg.de\/wordpress\/index.php?rest_route=\/wp\/v2\/pages\/66"}],"collection":[{"href":"https:\/\/giswg.de\/wordpress\/index.php?rest_route=\/wp\/v2\/pages"}],"about":[{"href":"https:\/\/giswg.de\/wordpress\/index.php?rest_route=\/wp\/v2\/types\/page"}],"author":[{"embeddable":true,"href":"https:\/\/giswg.de\/wordpress\/index.php?rest_route=\/wp\/v2\/users\/2"}],"replies":[{"embeddable":true,"href":"https:\/\/giswg.de\/wordpress\/index.php?rest_route=%2Fwp%2Fv2%2Fcomments&post=66"}],"version-history":[{"count":36,"href":"https:\/\/giswg.de\/wordpress\/index.php?rest_route=\/wp\/v2\/pages\/66\/revisions"}],"predecessor-version":[{"id":366,"href":"https:\/\/giswg.de\/wordpress\/index.php?rest_route=\/wp\/v2\/pages\/66\/revisions\/366"}],"wp:featuredmedia":[{"embeddable":true,"href":"https:\/\/giswg.de\/wordpress\/index.php?rest_route=\/wp\/v2\/media\/99"}],"wp:attachment":[{"href":"https:\/\/giswg.de\/wordpress\/index.php?rest_route=%2Fwp%2Fv2%2Fmedia&parent=66"}],"curies":[{"name":"wp","href":"https:\/\/api.w.org\/{rel}","templated":true}]}}