{"id":68,"date":"2015-01-21T09:31:22","date_gmt":"2015-01-21T09:31:22","guid":{"rendered":"http:\/\/giswg.de\/wordpress\/?page_id=68"},"modified":"2015-08-05T09:10:21","modified_gmt":"2015-08-05T09:10:21","slug":"referenz","status":"publish","type":"page","link":"https:\/\/giswg.de\/wordpress\/?page_id=68","title":{"rendered":"Referenz"},"content":{"rendered":"<h1><a href=\"http:\/\/giswg.de\/wordpress\/wp-content\/uploads\/2015\/01\/breitbandberatung_logo_bg.png\"><img loading=\"lazy\" decoding=\"async\" class=\"alignright size-full wp-image-271\" src=\"http:\/\/giswg.de\/wordpress\/wp-content\/uploads\/2015\/01\/breitbandberatung_logo_bg.png\" alt=\"breitbandberatung_logo_bg\" width=\"167\" height=\"119\" \/><\/a>Breitbandberatung Bayern<\/h1>\n<p><a href=\"http:\/\/www.breitbandberatung.de\/\" target=\"_blank\">www.breitbandberatung.de<\/a><\/p>\n<blockquote><p>\u00a0<em>&#8220;\u00dcbrigens, unsere Planer sind mit der Arbeit sehr zufrieden. Vielen Dank!&#8221;<\/em> (Roland Zeltner, Gesch\u00e4ftsf\u00fchrer)<\/p><\/blockquote>\n<hr \/>\n<p>&nbsp;<\/p>\n","protected":false},"excerpt":{"rendered":"<p>Breitbandberatung Bayern www.breitbandberatung.de \u00a0&#8220;\u00dcbrigens, unsere Planer sind mit der Arbeit sehr zufrieden. Vielen Dank!&#8221; (Roland Zeltner, Gesch\u00e4ftsf\u00fchrer) &nbsp;<\/p>\n","protected":false},"author":2,"featured_media":0,"parent":0,"menu_order":0,"comment_status":"open","ping_status":"open","template":"","meta":{"ngg_post_thumbnail":0,"footnotes":""},"class_list":["post-68","page","type-page","status-publish","hentry"],"_links":{"self":[{"href":"https:\/\/giswg.de\/wordpress\/index.php?rest_route=\/wp\/v2\/pages\/68"}],"collection":[{"href":"https:\/\/giswg.de\/wordpress\/index.php?rest_route=\/wp\/v2\/pages"}],"about":[{"href":"https:\/\/giswg.de\/wordpress\/index.php?rest_route=\/wp\/v2\/types\/page"}],"author":[{"embeddable":true,"href":"https:\/\/giswg.de\/wordpress\/index.php?rest_route=\/wp\/v2\/users\/2"}],"replies":[{"embeddable":true,"href":"https:\/\/giswg.de\/wordpress\/index.php?rest_route=%2Fwp%2Fv2%2Fcomments&post=68"}],"version-history":[{"count":8,"href":"https:\/\/giswg.de\/wordpress\/index.php?rest_route=\/wp\/v2\/pages\/68\/revisions"}],"predecessor-version":[{"id":272,"href":"https:\/\/giswg.de\/wordpress\/index.php?rest_route=\/wp\/v2\/pages\/68\/revisions\/272"}],"wp:attachment":[{"href":"https:\/\/giswg.de\/wordpress\/index.php?rest_route=%2Fwp%2Fv2%2Fmedia&parent=68"}],"curies":[{"name":"wp","href":"https:\/\/api.w.org\/{rel}","templated":true}]}}